{"id":343,"date":"2024-07-02T13:37:12","date_gmt":"2024-07-02T11:37:12","guid":{"rendered":"https:\/\/experiencedays.be\/localisation\/"},"modified":"2024-09-12T09:55:23","modified_gmt":"2024-09-12T07:55:23","slug":"localisation","status":"publish","type":"page","link":"https:\/\/experiencedays.be\/fr\/localisation\/","title":{"rendered":"Localisation"},"content":{"rendered":"\n<h2 class=\"gb-headline gb-headline-4b4c91f1 gb-headline-text\">Circuit Zolder<\/h2>\n\n\n\n<p>Au c\u0153ur de la verdure limbourgeoise, ce circuit ferm\u00e9 vous garantit un environnement calme et surtout s\u00fbr pour organiser votre \u00e9v\u00e9nement, votre activit\u00e9 (sportive) ou votre incentive. Tout y est : des b\u00e2timents modernes \u00e0 la logistique, en passant par les services d&rsquo;appui tels que la restauration et les activit\u00e9s annexes passionnantes&#8230;<\/p>\n\n\n\n<p>4 kilom\u00e8tres d&rsquo;asphalte, 10 virages dont 3 chicanes, une audacieuse Sacrament Hill et 2 longues lignes droites. Circuit Le circuit tr\u00e8s technique de Zolder a toujours \u00e9t\u00e9 un d\u00e9fi pour l&rsquo;homme et la machine. Cela remonte au tout d\u00e9but (il y a maintenant plus de 50 ans) et aux ann\u00e9es de Formule 1 des ann\u00e9es 1970 et 1980, jusqu&rsquo;\u00e0 aujourd&rsquo;hui.<\/p>\n\n\n\n<p>Tout cela fait du Circuit Zolder le lieu id\u00e9al pour les essais, la formation et la d\u00e9couverte.  <\/p>\n\n\n\n<p><br><br>C<strong>ircuit Zolder<\/strong> Terlaemen 30 3550 Heusden-Zolder<\/p>\n\n\n<div class=\"gb-container gb-container-29ace4b8\">\n\n<figure class=\"gb-block-image gb-block-image-8150782d\"><img loading=\"lazy\" decoding=\"async\" width=\"2750\" height=\"2000\" class=\"gb-image gb-image-8150782d\" src=\"https:\/\/experiencedays.be\/wp-content\/uploads\/2024\/09\/Zolder-map.png\" alt=\"\" title=\"Zolder map\" srcset=\"https:\/\/experiencedays.be\/wp-content\/uploads\/2024\/09\/Zolder-map.png 2750w, https:\/\/experiencedays.be\/wp-content\/uploads\/2024\/09\/Zolder-map-300x218.png 300w, https:\/\/experiencedays.be\/wp-content\/uploads\/2024\/09\/Zolder-map-1024x745.png 1024w, https:\/\/experiencedays.be\/wp-content\/uploads\/2024\/09\/Zolder-map-768x559.png 768w, https:\/\/experiencedays.be\/wp-content\/uploads\/2024\/09\/Zolder-map-1536x1117.png 1536w, https:\/\/experiencedays.be\/wp-content\/uploads\/2024\/09\/Zolder-map-2048x1489.png 2048w\" sizes=\"auto, (max-width: 2750px) 100vw, 2750px\" \/><\/figure>\n\n\n<div class=\"gb-container gb-container-60fa91a1\">\n<div class=\"gb-container gb-container-b21896aa\">\n\n<p class=\"gb-headline gb-headline-72c22dc1 gb-headline-text\">1<\/p>\n\n\n\n<p class=\"gb-headline gb-headline-ed5ef0bd gb-headline-text\">Hospitality Units Car Brands<\/p>\n\n<\/div>\n\n<div class=\"gb-container gb-container-b434e645\">\n\n<p class=\"gb-headline gb-headline-208288f0 gb-headline-text\">2<\/p>\n\n\n\n<p class=\"gb-headline gb-headline-ccdfad8b gb-headline-text\">Parking EV Test Drive Voitures<\/p>\n\n<\/div>\n\n<div class=\"gb-container gb-container-1fceeceb\">\n\n<p class=\"gb-headline gb-headline-2477b67c gb-headline-text\">3<\/p>\n\n\n\n<p class=\"gb-headline gb-headline-109cc5cf gb-headline-text\">Parking PHEV&amp;ICE Test Drive Voitures<\/p>\n\n<\/div>\n\n<div class=\"gb-container gb-container-265e595f\">\n\n<p class=\"gb-headline gb-headline-545e8392 gb-headline-text\">4<\/p>\n\n\n\n<p class=\"gb-headline gb-headline-146288fb gb-headline-text\">New Mobility Area<\/p>\n\n<\/div>\n\n<div class=\"gb-container gb-container-69286559\">\n\n<p class=\"gb-headline gb-headline-e0653d0a gb-headline-text\"><br><br>Parcours Microcars Parcours e-steps, e-bikes, &#8230; Tente 1000 m2 (+-22 stands 25m2)<\/p>\n\n<\/div>\n<\/div>\n<\/div>","protected":false},"excerpt":{"rendered":"<p>Circuit Zolder Au c\u0153ur de la verdure limbourgeoise, ce circuit ferm\u00e9 vous garantit un environnement calme et surtout s\u00fbr pour organiser votre \u00e9v\u00e9nement, votre activit\u00e9 (sportive) ou votre incentive. Tout y est : des b\u00e2timents modernes \u00e0 la logistique, en passant par les services d&rsquo;appui tels que la restauration et les activit\u00e9s annexes passionnantes&#8230; 4 &#8230; <a title=\"Localisation\" class=\"read-more\" href=\"https:\/\/experiencedays.be\/fr\/localisation\/\" aria-label=\"En savoir plus sur Localisation\">Lire la suite<\/a><\/p>\n","protected":false},"author":1,"featured_media":0,"parent":0,"menu_order":0,"comment_status":"closed","ping_status":"closed","template":"","meta":{"_acf_changed":false,"footnotes":""},"class_list":["post-343","page","type-page","status-publish"],"acf":[],"_links":{"self":[{"href":"https:\/\/experiencedays.be\/fr\/wp-json\/wp\/v2\/pages\/343","targetHints":{"allow":["GET"]}}],"collection":[{"href":"https:\/\/experiencedays.be\/fr\/wp-json\/wp\/v2\/pages"}],"about":[{"href":"https:\/\/experiencedays.be\/fr\/wp-json\/wp\/v2\/types\/page"}],"author":[{"embeddable":true,"href":"https:\/\/experiencedays.be\/fr\/wp-json\/wp\/v2\/users\/1"}],"replies":[{"embeddable":true,"href":"https:\/\/experiencedays.be\/fr\/wp-json\/wp\/v2\/comments?post=343"}],"version-history":[{"count":4,"href":"https:\/\/experiencedays.be\/fr\/wp-json\/wp\/v2\/pages\/343\/revisions"}],"predecessor-version":[{"id":529,"href":"https:\/\/experiencedays.be\/fr\/wp-json\/wp\/v2\/pages\/343\/revisions\/529"}],"wp:attachment":[{"href":"https:\/\/experiencedays.be\/fr\/wp-json\/wp\/v2\/media?parent=343"}],"curies":[{"name":"wp","href":"https:\/\/api.w.org\/{rel}","templated":true}]}}